{"id":434,"date":"2014-04-06T21:49:31","date_gmt":"2014-04-06T19:49:31","guid":{"rendered":"https:\/\/sapporost.com\/qui-som"},"modified":"2021-09-14T12:14:06","modified_gmt":"2021-09-14T10:14:06","slug":"qui-som","status":"publish","type":"page","link":"https:\/\/sapporost.com\/ca\/qui-som\/","title":{"rendered":"Qui som"},"content":{"rendered":"\n<div class=\"wp-block-cover alignfull has-background-dim-80 has-white-background-color has-background-dim uag-hide-mob\" style=\"min-height:250px;aspect-ratio:unset;\"><img alt=\"\" decoding=\"async\" class=\"wp-block-cover__image-background wp-image-49\" alt=\"\" src=\"https:\/\/sapporost.com\/wp-content\/uploads\/2021\/07\/sapporo-fondo-home.jpg\" style=\"object-position:51% 79%\" data-object-fit=\"cover\" data-object-position=\"51% 79%\"\/><div class=\"wp-block-cover__inner-container is-layout-flow wp-block-cover-is-layout-flow\">\n<p class=\"has-text-align-center has-large-font-size\"><\/p>\n<\/div><\/div>\n\n\n\n<div class=\"wp-block-cover has-background-dim-80 has-white-background-color has-background-dim uag-hide-desktop uag-hide-tab\" style=\"min-height:120px;aspect-ratio:unset;\"><img alt=\"\" decoding=\"async\" class=\"wp-block-cover__image-background wp-image-49\" alt=\"\" src=\"https:\/\/sapporost.com\/wp-content\/uploads\/2021\/07\/sapporo-fondo-home.jpg\" data-object-fit=\"cover\"\/><div class=\"wp-block-cover__inner-container is-layout-flow wp-block-cover-is-layout-flow\">\n<p class=\"has-text-align-center has-large-font-size\"><\/p>\n<\/div><\/div>\n\n\n\n<section class=\"wp-block-uagb-columns uagb-columns__wrap uagb-columns__background-undefined uagb-columns__stack-mobile uagb-columns__valign-undefined uagb-columns__gap-10 alignundefined uagb-block-04dc13de\"><div class=\"uagb-columns__overlay\"><\/div><div class=\"uagb-columns__inner-wrap uagb-columns__columns-2\">\n<div class=\"wp-block-uagb-column uagb-column__wrap uagb-column__background-undefined uagb-block-2ce8b644\"><div class=\"uagb-column__overlay\"><\/div><div class=\"uagb-column__inner-wrap\"><style>.wp-block-kadence-advancedheading.kt-adv-heading_a06c17-78, .wp-block-kadence-advancedheading.kt-adv-heading_a06c17-78[data-kb-block=\"kb-adv-heading_a06c17-78\"]{padding-bottom:80px;font-size:50px;font-style:normal;color:#f71264;}.wp-block-kadence-advancedheading.kt-adv-heading_a06c17-78 mark.kt-highlight, .wp-block-kadence-advancedheading.kt-adv-heading_a06c17-78[data-kb-block=\"kb-adv-heading_a06c17-78\"] mark.kt-highlight{font-style:normal;color:#f76a0c;-webkit-box-decoration-break:clone;box-decoration-break:clone;padding-top:0px;padding-right:0px;padding-bottom:0px;padding-left:0px;}.wp-block-kadence-advancedheading.kt-adv-heading_a06c17-78 img.kb-inline-image, .wp-block-kadence-advancedheading.kt-adv-heading_a06c17-78[data-kb-block=\"kb-adv-heading_a06c17-78\"] img.kb-inline-image{width:150px;vertical-align:baseline;}@media all and (max-width: 767px){.wp-block-kadence-advancedheading.kt-adv-heading_a06c17-78, .wp-block-kadence-advancedheading.kt-adv-heading_a06c17-78[data-kb-block=\"kb-adv-heading_a06c17-78\"]{padding-bottom:40px;font-size:30px;}}<\/style>\n<h1 class=\"kt-adv-heading_a06c17-78 wp-block-kadence-advancedheading\" data-kb-block=\"kb-adv-heading_a06c17-78\">Qui som<\/h1>\n\n\n\n<p>La idea de Sapporo comen\u00e7a el 1999, a Rio de Janeiro, arran de New T\u00f2quio de Rio creat el 1993 a Copacabana.<\/p>\n\n\n\n<p>El seu cuiner creu fermament en la idea d&#8217;obrir un local a Barcelona, somni que aconsegueix el 2005 a la localitat de Sant Just Desvern.<\/p>\n\n\n\n<p>El restaurant es caracteritza per la gran qualitat de g\u00e8nere i amable atenci\u00f3 dels seus treballadors. Se centra en el menjar m\u00e9s t\u00edpic del Jap\u00f3, adaptant alguns plats per als seus clients europeus. Despr\u00e9s de 8 anys donant el millor dels seus serveis decideix iniciar la seva carrera tamb\u00e9 a internet, amb l&#8217;objectiu de donar un millor servei als seus fidels clients.<\/p>\n\n\n<style>.wp-block-kadence-spacer.kt-block-spacer-_ed8252-ac .kt-block-spacer{height:30px;}.wp-block-kadence-spacer.kt-block-spacer-_ed8252-ac .kt-divider{border-top-width:4px;border-top-color:#e40050;width:20%;border-top-style:solid;}<\/style>\n<div class=\"wp-block-kadence-spacer aligncenter kt-block-spacer-_ed8252-ac\"><div class=\"kt-block-spacer kt-block-spacer-halign-left\" style=\"height:30px\"><hr class=\"kt-divider\" style=\"border-top-color:#e40050;border-top-width:4px;width:20%;border-top-style:solid\"\/><\/div><\/div>\n<\/div><\/div>\n\n\n\n<div class=\"wp-block-uagb-column uagb-column__wrap uagb-column__background-undefined uagb-block-c33edc23\"><div class=\"uagb-column__overlay\"><\/div><div class=\"uagb-column__inner-wrap\">\n<div class=\"wp-block-image is-style-default animated fadeInRight\"><figure class=\"aligncenter size-full is-resized\"><img alt=\"Comida a domicilio en Cornella de Llobregat\" decoding=\"async\" src=\"https:\/\/sapporost.com\/wp-content\/uploads\/2021\/07\/sapporo-poke.png\" alt=\"\" class=\"wp-image-82\" width=\"472\" height=\"482\" srcset=\"https:\/\/sapporost.com\/wp-content\/uploads\/2021\/07\/sapporo-poke.png 700w, https:\/\/sapporost.com\/wp-content\/uploads\/2021\/07\/sapporo-poke-294x300.png 294w, https:\/\/sapporost.com\/wp-content\/uploads\/2021\/07\/sapporo-poke-600x612.png 600w\" sizes=\"(max-width: 472px) 100vw, 472px\" \/><\/figure><\/div>\n<\/div><\/div>\n<\/div><\/section>\n","protected":false},"excerpt":{"rendered":"<p>Qui som La idea de Sapporo comen\u00e7a el 1999, a Rio de Janeiro, arran de New T\u00f2quio de Rio creat el 1993 a Copacabana. El seu cuiner creu fermament en la idea d&#8217;obrir un local a Barcelona, somni que aconsegueix el 2005 a la localitat de Sant Just Desvern. El restaurant es caracteritza per la [&hellip;]<\/p>\n","protected":false},"author":1,"featured_media":0,"parent":0,"menu_order":6,"comment_status":"closed","ping_status":"closed","template":"","meta":{"_seopress_robots_primary_cat":"","_seopress_titles_title":"","_seopress_titles_desc":"","_seopress_robots_index":"","_seopress_analysis_target_kw":"","_uag_custom_page_level_css":"","site-sidebar-layout":"no-sidebar","site-content-layout":"default","ast-site-content-layout":"default","site-content-style":"default","site-sidebar-style":"default","ast-global-header-display":"","ast-banner-title-visibility":"","ast-main-header-display":"","ast-hfb-above-header-display":"","ast-hfb-below-header-display":"","ast-hfb-mobile-header-display":"","site-post-title":"disabled","ast-breadcrumbs-content":"","ast-featured-img":"disabled","footer-sml-layout":"","ast-disable-related-posts":"","theme-transparent-header-meta":"default","adv-header-id-meta":"","stick-header-meta":"default","header-above-stick-meta":"","header-main-stick-meta":"","header-below-stick-meta":"","astra-migrate-meta-layouts":"default","ast-page-background-enabled":"default","ast-page-background-meta":{"desktop":{"background-color":"","background-image":"","background-repeat":"repeat","background-position":"center center","background-size":"auto","background-attachment":"scroll","background-type":"","background-media":"","overlay-type":"","overlay-color":"","overlay-opacity":"","overlay-gradient":""},"tablet":{"background-color":"","background-image":"","background-repeat":"repeat","background-position":"center center","background-size":"auto","background-attachment":"scroll","background-type":"","background-media":"","overlay-type":"","overlay-color":"","overlay-opacity":"","overlay-gradient":""},"mobile":{"background-color":"","background-image":"","background-repeat":"repeat","background-position":"center center","background-size":"auto","background-attachment":"scroll","background-type":"","background-media":"","overlay-type":"","overlay-color":"","overlay-opacity":"","overlay-gradient":""}},"ast-content-background-meta":{"desktop":{"background-color":"var(--ast-global-color-5)","background-image":"","background-repeat":"repeat","background-position":"center center","background-size":"auto","background-attachment":"scroll","background-type":"","background-media":"","overlay-type":"","overlay-color":"","overlay-opacity":"","overlay-gradient":""},"tablet":{"background-color":"var(--ast-global-color-5)","background-image":"","background-repeat":"repeat","background-position":"center center","background-size":"auto","background-attachment":"scroll","background-type":"","background-media":"","overlay-type":"","overlay-color":"","overlay-opacity":"","overlay-gradient":""},"mobile":{"background-color":"var(--ast-global-color-5)","background-image":"","background-repeat":"repeat","background-position":"center center","background-size":"auto","background-attachment":"scroll","background-type":"","background-media":"","overlay-type":"","overlay-color":"","overlay-opacity":"","overlay-gradient":""}},"footnotes":""},"class_list":["post-434","page","type-page","status-publish","hentry"],"uagb_featured_image_src":{"full":false,"thumbnail":false,"medium":false,"medium_large":false,"large":false,"popup-image":false,"1536x1536":false,"2048x2048":false,"woocommerce_thumbnail":false,"woocommerce_single":false,"woocommerce_gallery_thumbnail":false},"uagb_author_info":{"display_name":"empiezapori","author_link":"https:\/\/sapporost.com\/ca\/author\/empiezapori\/"},"uagb_comment_info":0,"uagb_excerpt":"Qui som La idea de Sapporo comen\u00e7a el 1999, a Rio de Janeiro, arran de New T\u00f2quio de Rio creat el 1993 a Copacabana. El seu cuiner creu fermament en la idea d&#8217;obrir un local a Barcelona, somni que aconsegueix el 2005 a la localitat de Sant Just Desvern. El restaurant es caracteritza per la&hellip;","_links":{"self":[{"href":"https:\/\/sapporost.com\/ca\/wp-json\/wp\/v2\/pages\/434","targetHints":{"allow":["GET"]}}],"collection":[{"href":"https:\/\/sapporost.com\/ca\/wp-json\/wp\/v2\/pages"}],"about":[{"href":"https:\/\/sapporost.com\/ca\/wp-json\/wp\/v2\/types\/page"}],"author":[{"embeddable":true,"href":"https:\/\/sapporost.com\/ca\/wp-json\/wp\/v2\/users\/1"}],"replies":[{"embeddable":true,"href":"https:\/\/sapporost.com\/ca\/wp-json\/wp\/v2\/comments?post=434"}],"version-history":[{"count":0,"href":"https:\/\/sapporost.com\/ca\/wp-json\/wp\/v2\/pages\/434\/revisions"}],"wp:attachment":[{"href":"https:\/\/sapporost.com\/ca\/wp-json\/wp\/v2\/media?parent=434"}],"curies":[{"name":"wp","href":"https:\/\/api.w.org\/{rel}","templated":true}]}}